{"id":219,"date":"2023-09-12T09:16:47","date_gmt":"2023-09-12T09:16:47","guid":{"rendered":"https:\/\/vio-services.de\/?page_id=219"},"modified":"2023-10-10T17:02:14","modified_gmt":"2023-10-10T17:02:14","slug":"curatenie","status":"publish","type":"page","link":"https:\/\/vio-services.de\/en\/curatenie\/","title":{"rendered":"Cleaning"},"content":{"rendered":"<div data-elementor-type=\"wp-page\" data-elementor-id=\"219\" class=\"elementor elementor-219\">\n\t\t\t\t\t\t<section class=\"elementor-section elementor-top-section elementor-element elementor-element-7ad54201 elementor-section-boxed elementor-section-height-default elementor-section-height-default wpr-particle-no wpr-jarallax-no wpr-parallax-no wpr-sticky-section-no\" data-id=\"7ad54201\" data-element_type=\"section\" data-e-type=\"section\">\n\t\t\t\t\t\t<div class=\"elementor-container elementor-column-gap-default\">\n\t\t\t\t\t<div class=\"elementor-column elementor-col-50 elementor-top-column elementor-element elementor-element-79402e32\" data-id=\"79402e32\" data-element_type=\"column\" data-e-type=\"column\">\n\t\t\t<div class=\"elementor-widget-wrap elementor-element-populated\">\n\t\t\t\t\t\t<div class=\"elementor-element elementor-element-1a6311bf elementor-widget elementor-widget-heading\" data-id=\"1a6311bf\" data-element_type=\"widget\" data-e-type=\"widget\" data-widget_type=\"heading.default\">\n\t\t\t\t<div class=\"elementor-widget-container\">\n\t\t\t\t\t<h2 class=\"elementor-heading-title elementor-size-default\">Cleaning<\/h2>\t\t\t\t<\/div>\n\t\t\t\t<\/div>\n\t\t\t\t<div class=\"elementor-element elementor-element-ead5143 elementor-widget elementor-widget-heading\" data-id=\"ead5143\" data-element_type=\"widget\" data-e-type=\"widget\" data-widget_type=\"heading.default\">\n\t\t\t\t<div class=\"elementor-widget-container\">\n\t\t\t\t\t<h2 class=\"elementor-heading-title elementor-size-default\">Our services at a glance:\n<\/h2>\t\t\t\t<\/div>\n\t\t\t\t<\/div>\n\t\t\t\t<div class=\"elementor-element elementor-element-32e2cdd4 elementor-widget elementor-widget-text-editor\" data-id=\"32e2cdd4\" data-element_type=\"widget\" data-e-type=\"widget\" data-widget_type=\"text-editor.default\">\n\t\t\t\t<div class=\"elementor-widget-container\">\n\t\t\t\t\t\t\t\t\t<p>Are you looking for a reliable and professional cleaning company in and around Treuchtlingen to take care of the cleaning for you?<\/p><p>We offer both private and industrial cleaning services, performed with the best organic solutions by a qualified staff prepared for any challenge!<br \/>We make trips to the client's residence within a 30km radius of Treuchtlingen, at your request!<\/p>\t\t\t\t\t\t\t\t<\/div>\n\t\t\t\t<\/div>\n\t\t\t\t<div class=\"elementor-element elementor-element-7d59ebcd wpr-feature-list-left wpr-feature-list-square wpr-feature-list-line-yes elementor-widget elementor-widget-wpr-feature-list\" data-id=\"7d59ebcd\" data-element_type=\"widget\" data-e-type=\"widget\" data-widget_type=\"wpr-feature-list.default\">\n\t\t\t\t<div class=\"elementor-widget-container\">\n\t\t\t\t\t<div class=\"wpr-feature-list-wrap\"><ul class=\"wpr-feature-list\"><li class=\"wpr-feature-list-item elementor-repeater-item-2b0f60a\"><div class=\"wpr-feature-list-icon-wrap\"><span class=\"wpr-feature-list-line\"><\/span><div class=\"wpr-feature-list-icon-inner-wrap\"><i aria-hidden=\"true\" class=\"fas fa-dot-circle\"><\/i><\/div><\/div><div class=\"wpr-feature-list-content-wrap\"><h2 class=\"wpr-feature-list-title\"><a class=\"wpr-feature-list-url\" target=\"_blank\" rel=\"nofollow\">Cleaning of buildings<\/a><\/h2><p class=\"wpr-feature-list-description\"><\/p><\/div><\/li><li class=\"wpr-feature-list-item elementor-repeater-item-a9ce1df\"><div class=\"wpr-feature-list-icon-wrap\"><span class=\"wpr-feature-list-line\"><\/span><div class=\"wpr-feature-list-icon-inner-wrap\"><i aria-hidden=\"true\" class=\"fas fa-dot-circle\"><\/i><\/div><\/div><div class=\"wpr-feature-list-content-wrap\"><h2 class=\"wpr-feature-list-title\"><a class=\"wpr-feature-list-url\" target=\"_blank\" rel=\"nofollow\">Cleaning the stairs<\/a><\/h2><p class=\"wpr-feature-list-description\"><\/p><\/div><\/li><li class=\"wpr-feature-list-item elementor-repeater-item-e343f03\"><div class=\"wpr-feature-list-icon-wrap\"><span class=\"wpr-feature-list-line\"><\/span><div class=\"wpr-feature-list-icon-inner-wrap\"><i aria-hidden=\"true\" class=\"fas fa-dot-circle\"><\/i><\/div><\/div><div class=\"wpr-feature-list-content-wrap\"><h2 class=\"wpr-feature-list-title\"><a class=\"wpr-feature-list-url\" target=\"_blank\" rel=\"nofollow\">Office cleaning<\/a><\/h2><p class=\"wpr-feature-list-description\"><\/p><\/div><\/li><li class=\"wpr-feature-list-item elementor-repeater-item-9681c38\"><div class=\"wpr-feature-list-icon-wrap\"><span class=\"wpr-feature-list-line\"><\/span><div class=\"wpr-feature-list-icon-inner-wrap\"><i aria-hidden=\"true\" class=\"fas fa-dot-circle\"><\/i><\/div><\/div><div class=\"wpr-feature-list-content-wrap\"><h2 class=\"wpr-feature-list-title\"><a class=\"wpr-feature-list-url\" target=\"_blank\" rel=\"nofollow\">Cabinet cleaning<\/a><\/h2><p class=\"wpr-feature-list-description\"><\/p><\/div><\/li><li class=\"wpr-feature-list-item elementor-repeater-item-eefcdc1\"><div class=\"wpr-feature-list-icon-wrap\"><span class=\"wpr-feature-list-line\"><\/span><div class=\"wpr-feature-list-icon-inner-wrap\"><i aria-hidden=\"true\" class=\"fas fa-dot-circle\"><\/i><\/div><\/div><div class=\"wpr-feature-list-content-wrap\"><h2 class=\"wpr-feature-list-title\"><a class=\"wpr-feature-list-url\" target=\"_blank\" rel=\"nofollow\">Cleaning the gym<\/a><\/h2><p class=\"wpr-feature-list-description\"><\/p><\/div><\/li><li class=\"wpr-feature-list-item elementor-repeater-item-bedd262\"><div class=\"wpr-feature-list-icon-wrap\"><span class=\"wpr-feature-list-line\"><\/span><div class=\"wpr-feature-list-icon-inner-wrap\"><i aria-hidden=\"true\" class=\"fas fa-dot-circle\"><\/i><\/div><\/div><div class=\"wpr-feature-list-content-wrap\"><h2 class=\"wpr-feature-list-title\"><a class=\"wpr-feature-list-url\" target=\"_blank\" rel=\"nofollow\">Cleaning of buildings<\/a><\/h2><p class=\"wpr-feature-list-description\"><\/p><\/div><\/li><li class=\"wpr-feature-list-item elementor-repeater-item-58ae94b\"><div class=\"wpr-feature-list-icon-wrap\"><span class=\"wpr-feature-list-line\"><\/span><div class=\"wpr-feature-list-icon-inner-wrap\"><i aria-hidden=\"true\" class=\"fas fa-dot-circle\"><\/i><\/div><\/div><div class=\"wpr-feature-list-content-wrap\"><h2 class=\"wpr-feature-list-title\"><a class=\"wpr-feature-list-url\" target=\"_blank\" rel=\"nofollow\">Housekeeping<\/a><\/h2><p class=\"wpr-feature-list-description\"><\/p><\/div><\/li><li class=\"wpr-feature-list-item elementor-repeater-item-f7def4f\"><div class=\"wpr-feature-list-icon-wrap\"><span class=\"wpr-feature-list-line\"><\/span><div class=\"wpr-feature-list-icon-inner-wrap\"><i aria-hidden=\"true\" class=\"fas fa-dot-circle\"><\/i><\/div><\/div><div class=\"wpr-feature-list-content-wrap\"><h2 class=\"wpr-feature-list-title\"><a class=\"wpr-feature-list-url\" target=\"_blank\" rel=\"nofollow\">Garage cleaning<\/a><\/h2><p class=\"wpr-feature-list-description\"><\/p><\/div><\/li><li class=\"wpr-feature-list-item elementor-repeater-item-f1c0e9f\"><div class=\"wpr-feature-list-icon-wrap\"><span class=\"wpr-feature-list-line\"><\/span><div class=\"wpr-feature-list-icon-inner-wrap\"><i aria-hidden=\"true\" class=\"fas fa-dot-circle\"><\/i><\/div><\/div><div class=\"wpr-feature-list-content-wrap\"><h2 class=\"wpr-feature-list-title\"><a class=\"wpr-feature-list-url\" target=\"_blank\" rel=\"nofollow\">Cleaning nursing homes and nursing homes <\/a><\/h2><p class=\"wpr-feature-list-description\"><\/p><\/div><\/li><li class=\"wpr-feature-list-item elementor-repeater-item-7bde2bd\"><div class=\"wpr-feature-list-icon-wrap\"><span class=\"wpr-feature-list-line\"><\/span><div class=\"wpr-feature-list-icon-inner-wrap\"><i aria-hidden=\"true\" class=\"fas fa-dot-circle\"><\/i><\/div><\/div><div class=\"wpr-feature-list-content-wrap\"><h2 class=\"wpr-feature-list-title\"><a class=\"wpr-feature-list-url\" target=\"_blank\" rel=\"nofollow\">Cleaning at kindergarten and school<\/a><\/h2><p class=\"wpr-feature-list-description\"><\/p><\/div><\/li><li class=\"wpr-feature-list-item elementor-repeater-item-76cc2f7\"><div class=\"wpr-feature-list-icon-wrap\"><span class=\"wpr-feature-list-line\"><\/span><div class=\"wpr-feature-list-icon-inner-wrap\"><i aria-hidden=\"true\" class=\"fas fa-dot-circle\"><\/i><\/div><\/div><div class=\"wpr-feature-list-content-wrap\"><h2 class=\"wpr-feature-list-title\"><a class=\"wpr-feature-list-url\" target=\"_blank\" rel=\"nofollow\">Hotel cleaning and catering <\/a><\/h2><p class=\"wpr-feature-list-description\"><\/p><\/div><\/li><li class=\"wpr-feature-list-item elementor-repeater-item-e760cee\"><div class=\"wpr-feature-list-icon-wrap\"><span class=\"wpr-feature-list-line\"><\/span><div class=\"wpr-feature-list-icon-inner-wrap\"><i aria-hidden=\"true\" class=\"fas fa-dot-circle\"><\/i><\/div><\/div><div class=\"wpr-feature-list-content-wrap\"><h2 class=\"wpr-feature-list-title\"><a class=\"wpr-feature-list-url\" target=\"_blank\" rel=\"nofollow\">Train interior cleaning <\/a><\/h2><p class=\"wpr-feature-list-description\"><\/p><\/div><\/li><li class=\"wpr-feature-list-item elementor-repeater-item-687bf62\"><div class=\"wpr-feature-list-icon-wrap\"><span class=\"wpr-feature-list-line\"><\/span><div class=\"wpr-feature-list-icon-inner-wrap\"><i aria-hidden=\"true\" class=\"fas fa-dot-circle\"><\/i><\/div><\/div><div class=\"wpr-feature-list-content-wrap\"><h2 class=\"wpr-feature-list-title\"><a class=\"wpr-feature-list-url\" target=\"_blank\" rel=\"nofollow\">Cleaning the house stairs<\/a><\/h2><p class=\"wpr-feature-list-description\"><\/p><\/div><\/li><li class=\"wpr-feature-list-item elementor-repeater-item-bb4e2f5\"><div class=\"wpr-feature-list-icon-wrap\"><span class=\"wpr-feature-list-line\"><\/span><div class=\"wpr-feature-list-icon-inner-wrap\"><i aria-hidden=\"true\" class=\"fas fa-dot-circle\"><\/i><\/div><\/div><div class=\"wpr-feature-list-content-wrap\"><h2 class=\"wpr-feature-list-title\"><a class=\"wpr-feature-list-url\" target=\"_blank\" rel=\"nofollow\">Carpet cleaning<\/a><\/h2><p class=\"wpr-feature-list-description\"><\/p><\/div><\/li><li class=\"wpr-feature-list-item elementor-repeater-item-9cc1f17\"><div class=\"wpr-feature-list-icon-wrap\"><span class=\"wpr-feature-list-line\"><\/span><div class=\"wpr-feature-list-icon-inner-wrap\"><i aria-hidden=\"true\" class=\"fas fa-dot-circle\"><\/i><\/div><\/div><div class=\"wpr-feature-list-content-wrap\"><h2 class=\"wpr-feature-list-title\"><a class=\"wpr-feature-list-url\" target=\"_blank\" rel=\"nofollow\">Cleaning the roof<\/a><\/h2><p class=\"wpr-feature-list-description\"><\/p><\/div><\/li><li class=\"wpr-feature-list-item elementor-repeater-item-8bd08c9\"><div class=\"wpr-feature-list-icon-wrap\"><span class=\"wpr-feature-list-line\"><\/span><div class=\"wpr-feature-list-icon-inner-wrap\"><i aria-hidden=\"true\" class=\"fas fa-dot-circle\"><\/i><\/div><\/div><div class=\"wpr-feature-list-content-wrap\"><h2 class=\"wpr-feature-list-title\"><a class=\"wpr-feature-list-url\" target=\"_blank\" rel=\"nofollow\">Cleaning event<\/a><\/h2><p class=\"wpr-feature-list-description\"><\/p><\/div><\/li><\/ul><\/div>\t\t\t\t<\/div>\n\t\t\t\t<\/div>\n\t\t\t\t\t<\/div>\n\t\t<\/div>\n\t\t\t\t<div class=\"elementor-column elementor-col-50 elementor-top-column elementor-element elementor-element-1a23f747\" data-id=\"1a23f747\" data-element_type=\"column\" data-e-type=\"column\">\n\t\t\t<div class=\"elementor-widget-wrap elementor-element-populated\">\n\t\t\t\t\t\t<div class=\"elementor-element elementor-element-7c262a63 elementor-widget elementor-widget-image\" data-id=\"7c262a63\" data-element_type=\"widget\" data-e-type=\"widget\" data-widget_type=\"image.default\">\n\t\t\t\t<div class=\"elementor-widget-container\">\n\t\t\t\t\t\t\t\t\t\t\t\t\t\t\t<img fetchpriority=\"high\" decoding=\"async\" width=\"800\" height=\"534\" src=\"https:\/\/vio-services.de\/wp-content\/uploads\/2023\/10\/5f595dea03431e157c9de452_AdobeStock_248152636-1024x683.jpeg\" class=\"attachment-large size-large wp-image-581\" alt=\"\" srcset=\"https:\/\/vio-services.de\/wp-content\/uploads\/2023\/10\/5f595dea03431e157c9de452_AdobeStock_248152636-1024x683.jpeg 1024w, https:\/\/vio-services.de\/wp-content\/uploads\/2023\/10\/5f595dea03431e157c9de452_AdobeStock_248152636-300x200.jpeg 300w, https:\/\/vio-services.de\/wp-content\/uploads\/2023\/10\/5f595dea03431e157c9de452_AdobeStock_248152636-768x512.jpeg 768w, https:\/\/vio-services.de\/wp-content\/uploads\/2023\/10\/5f595dea03431e157c9de452_AdobeStock_248152636-18x12.jpeg 18w, https:\/\/vio-services.de\/wp-content\/uploads\/2023\/10\/5f595dea03431e157c9de452_AdobeStock_248152636.jpeg 1200w\" sizes=\"(max-width: 800px) 100vw, 800px\" \/>\t\t\t\t\t\t\t\t\t\t\t\t\t\t\t<\/div>\n\t\t\t\t<\/div>\n\t\t\t\t<div class=\"elementor-element elementor-element-f8a2188 elementor-widget elementor-widget-image\" data-id=\"f8a2188\" data-element_type=\"widget\" data-e-type=\"widget\" data-widget_type=\"image.default\">\n\t\t\t\t<div class=\"elementor-widget-container\">\n\t\t\t\t\t\t\t\t\t\t\t\t\t\t\t<img decoding=\"async\" width=\"800\" height=\"533\" src=\"https:\/\/vio-services.de\/wp-content\/uploads\/2023\/10\/floor-cleaning-service-1000x1000-1.webp\" class=\"attachment-large size-large wp-image-588\" alt=\"\" srcset=\"https:\/\/vio-services.de\/wp-content\/uploads\/2023\/10\/floor-cleaning-service-1000x1000-1.webp 1000w, https:\/\/vio-services.de\/wp-content\/uploads\/2023\/10\/floor-cleaning-service-1000x1000-1-300x200.webp 300w, https:\/\/vio-services.de\/wp-content\/uploads\/2023\/10\/floor-cleaning-service-1000x1000-1-768x511.webp 768w, https:\/\/vio-services.de\/wp-content\/uploads\/2023\/10\/floor-cleaning-service-1000x1000-1-18x12.webp 18w\" sizes=\"(max-width: 800px) 100vw, 800px\" \/>\t\t\t\t\t\t\t\t\t\t\t\t\t\t\t<\/div>\n\t\t\t\t<\/div>\n\t\t\t\t\t<\/div>\n\t\t<\/div>\n\t\t\t\t\t<\/div>\n\t\t<\/section>\n\t\t\t\t<section class=\"elementor-section elementor-top-section elementor-element elementor-element-7b7fce16 elementor-section-height-min-height elementor-section-boxed elementor-section-height-default elementor-section-items-middle wpr-particle-no wpr-jarallax-no wpr-parallax-no wpr-sticky-section-no elementor-invisible\" data-id=\"7b7fce16\" data-element_type=\"section\" data-e-type=\"section\" data-settings=\"{&quot;background_background&quot;:&quot;classic&quot;,&quot;animation&quot;:&quot;fadeIn&quot;}\">\n\t\t\t\t\t\t\t<div class=\"elementor-background-overlay\"><\/div>\n\t\t\t\t\t\t\t<div class=\"elementor-container elementor-column-gap-default\">\n\t\t\t\t\t<div class=\"elementor-column elementor-col-100 elementor-top-column elementor-element elementor-element-73641fcc\" data-id=\"73641fcc\" data-element_type=\"column\" data-e-type=\"column\">\n\t\t\t<div class=\"elementor-widget-wrap elementor-element-populated\">\n\t\t\t\t\t\t<div class=\"elementor-element elementor-element-5fc8df5b elementor-widget elementor-widget-heading\" data-id=\"5fc8df5b\" data-element_type=\"widget\" data-e-type=\"widget\" data-widget_type=\"heading.default\">\n\t\t\t\t<div class=\"elementor-widget-container\">\n\t\t\t\t\t<h2 class=\"elementor-heading-title elementor-size-default\">Any questions? We have answers.<\/h2>\t\t\t\t<\/div>\n\t\t\t\t<\/div>\n\t\t\t\t<div class=\"elementor-element elementor-element-2de9f80d elementor-widget elementor-widget-text-editor\" data-id=\"2de9f80d\" data-element_type=\"widget\" data-e-type=\"widget\" data-widget_type=\"text-editor.default\">\n\t\t\t\t<div class=\"elementor-widget-container\">\n\t\t\t\t\t\t\t\t\t<div class=\"block-title\"><div class=\"block-title__description\"><p class=\"info\">Easy communication, excellent results.<\/p><\/div><\/div>\t\t\t\t\t\t\t\t<\/div>\n\t\t\t\t<\/div>\n\t\t\t\t<div class=\"elementor-element elementor-element-37b01253 wpr-button-icon-style-inline wpr-button-icon-position-right elementor-widget elementor-widget-wpr-button\" data-id=\"37b01253\" data-element_type=\"widget\" data-e-type=\"widget\" data-widget_type=\"wpr-button.default\">\n\t\t\t\t<div class=\"elementor-widget-container\">\n\t\t\t\t\t\t\n\t\t\t\n\t\t\n\t\t<div class=\"wpr-button-wrap elementor-clearfix\">\n\t\t<a class=\"wpr-button wpr-button-effect wpr-button-none\" data-text=\"\" href=\"tel: 49015171558701\">\n\t\t\t\n\t\t\t<span class=\"wpr-button-content\">\n\t\t\t\t\t\t\t\t\t<span class=\"wpr-button-text\">Sun\u0103 acum!\u200b<\/span>\n\t\t\t\t\t\t\t\t\n\t\t\t\t\t\t\t<\/span>\n\t\t<\/a>\n\n\t\t\t\t<\/div>\n\t\n\t\n\t\t\t\t\t<\/div>\n\t\t\t\t<\/div>\n\t\t\t\t\t<\/div>\n\t\t<\/div>\n\t\t\t\t\t<\/div>\n\t\t<\/section>\n\t\t\t\t<\/div>","protected":false},"excerpt":{"rendered":"<p>Curatenie Serviciile noastre dintr-o privire: C\u0103uta\u021bi o companie de cur\u0103\u021benie de \u00eencredere \u0219i profesionist\u0103 \u00een Treuchtlingen \u0219i \u00een \u00eemprejurimi care s\u0103 preia lucr\u0103rile de cur\u0103\u021bare pentru dvs.? Va punem la dispozitie servicii de curatenie atat private cat si industriale, efectuate cu cele mai bune solutii bio de catre un personal calificat si pregatit pentru orice provocare!Facem deplasari la domiciliul clientului pe o raza de 30km de Treuchtlingen, la cererea dvs! Cur\u0103\u021benia cl\u0103dirilor Cur\u0103\u021barea sc\u0103rilor Cur\u0103\u021barea biroului Cur\u0103\u021barea cabinetului Cur\u0103\u021barea s\u0103lii de sport Cur\u0103\u021barea construc\u021biilor Menaj Curatenie garaj Cur\u0103\u021benia azilelor de b\u0103tr\u00e2ni \u0219i a caselor de b\u0103tr\u00e2ni Curatenie la gradinita si la scoala Curatenie hoteliera si catering Curatare interior tren Curatare casa scarilor Cur\u0103\u021barea covoarelor Curatarea acoperisului Curatenie eveniment Ai \u00eentreb\u0103ri? Noi avem r\u0103spunsuri. Comunicare simpl\u0103, rezultate excelente. Sun\u0103 acum!\u200b<\/p>","protected":false},"author":1,"featured_media":0,"parent":0,"menu_order":0,"comment_status":"closed","ping_status":"closed","template":"elementor_header_footer","meta":{"_joinchat":[],"footnotes":""},"class_list":["post-219","page","type-page","status-publish","hentry"],"_links":{"self":[{"href":"https:\/\/vio-services.de\/en\/wp-json\/wp\/v2\/pages\/219","targetHints":{"allow":["GET"]}}],"collection":[{"href":"https:\/\/vio-services.de\/en\/wp-json\/wp\/v2\/pages"}],"about":[{"href":"https:\/\/vio-services.de\/en\/wp-json\/wp\/v2\/types\/page"}],"author":[{"embeddable":true,"href":"https:\/\/vio-services.de\/en\/wp-json\/wp\/v2\/users\/1"}],"replies":[{"embeddable":true,"href":"https:\/\/vio-services.de\/en\/wp-json\/wp\/v2\/comments?post=219"}],"version-history":[{"count":31,"href":"https:\/\/vio-services.de\/en\/wp-json\/wp\/v2\/pages\/219\/revisions"}],"predecessor-version":[{"id":591,"href":"https:\/\/vio-services.de\/en\/wp-json\/wp\/v2\/pages\/219\/revisions\/591"}],"wp:attachment":[{"href":"https:\/\/vio-services.de\/en\/wp-json\/wp\/v2\/media?parent=219"}],"curies":[{"name":"wp","href":"https:\/\/api.w.org\/{rel}","templated":true}]}}