{"id":227,"date":"2023-09-12T09:17:40","date_gmt":"2023-09-12T09:17:40","guid":{"rendered":"https:\/\/vio-services.de\/?page_id=227"},"modified":"2023-10-10T17:08:16","modified_gmt":"2023-10-10T17:08:16","slug":"curierat","status":"publish","type":"page","link":"https:\/\/vio-services.de\/de\/curierat\/","title":{"rendered":"Kurier"},"content":{"rendered":"<div data-elementor-type=\"wp-page\" data-elementor-id=\"227\" class=\"elementor elementor-227\">\n\t\t\t\t\t\t<section class=\"elementor-section elementor-top-section elementor-element elementor-element-39fb1d7e elementor-section-boxed elementor-section-height-default elementor-section-height-default wpr-particle-no wpr-jarallax-no wpr-parallax-no wpr-sticky-section-no\" data-id=\"39fb1d7e\" data-element_type=\"section\" data-e-type=\"section\">\n\t\t\t\t\t\t<div class=\"elementor-container elementor-column-gap-wide\">\n\t\t\t\t\t<div class=\"elementor-column elementor-col-50 elementor-top-column elementor-element elementor-element-64336d2b\" data-id=\"64336d2b\" data-element_type=\"column\" data-e-type=\"column\">\n\t\t\t<div class=\"elementor-widget-wrap elementor-element-populated\">\n\t\t\t\t\t\t<section class=\"elementor-section elementor-inner-section elementor-element elementor-element-5362924a elementor-section-boxed elementor-section-height-default elementor-section-height-default wpr-particle-no wpr-jarallax-no wpr-parallax-no wpr-sticky-section-no\" data-id=\"5362924a\" data-element_type=\"section\" data-e-type=\"section\">\n\t\t\t\t\t\t<div class=\"elementor-container elementor-column-gap-default\">\n\t\t\t\t\t<div class=\"elementor-column elementor-col-50 elementor-inner-column elementor-element elementor-element-742cda85\" data-id=\"742cda85\" data-element_type=\"column\" data-e-type=\"column\">\n\t\t\t<div class=\"elementor-widget-wrap elementor-element-populated\">\n\t\t\t\t\t\t<div class=\"elementor-element elementor-element-37cff888 elementor-widget-divider--view-line elementor-widget elementor-widget-divider\" data-id=\"37cff888\" data-element_type=\"widget\" data-e-type=\"widget\" data-widget_type=\"divider.default\">\n\t\t\t\t<div class=\"elementor-widget-container\">\n\t\t\t\t\t\t\t<div class=\"elementor-divider\">\n\t\t\t<span class=\"elementor-divider-separator\">\n\t\t\t\t\t\t<\/span>\n\t\t<\/div>\n\t\t\t\t\t\t<\/div>\n\t\t\t\t<\/div>\n\t\t\t\t\t<\/div>\n\t\t<\/div>\n\t\t\t\t<div class=\"elementor-column elementor-col-50 elementor-inner-column elementor-element elementor-element-769a85d9\" data-id=\"769a85d9\" data-element_type=\"column\" data-e-type=\"column\">\n\t\t\t<div class=\"elementor-widget-wrap elementor-element-populated\">\n\t\t\t\t\t\t<div class=\"elementor-element elementor-element-49e9e8ae elementor-widget elementor-widget-heading\" data-id=\"49e9e8ae\" data-element_type=\"widget\" data-e-type=\"widget\" data-widget_type=\"heading.default\">\n\t\t\t\t<div class=\"elementor-widget-container\">\n\t\t\t\t\t<h2 class=\"elementor-heading-title elementor-size-default\">Kurier<\/h2>\t\t\t\t<\/div>\n\t\t\t\t<\/div>\n\t\t\t\t\t<\/div>\n\t\t<\/div>\n\t\t\t\t\t<\/div>\n\t\t<\/section>\n\t\t\t\t<div class=\"elementor-element elementor-element-510513b4 elementor-widget elementor-widget-heading\" data-id=\"510513b4\" data-element_type=\"widget\" data-e-type=\"widget\" data-widget_type=\"heading.default\">\n\t\t\t\t<div class=\"elementor-widget-container\">\n\t\t\t\t\t<h2 class=\"elementor-heading-title elementor-size-default\">Machen Sie Ihr Leben einfacher!<\/h2>\t\t\t\t<\/div>\n\t\t\t\t<\/div>\n\t\t\t\t<div class=\"elementor-element elementor-element-188d0729 elementor-widget elementor-widget-text-editor\" data-id=\"188d0729\" data-element_type=\"widget\" data-e-type=\"widget\" data-widget_type=\"text-editor.default\">\n\t\t\t\t<div class=\"elementor-widget-container\">\n\t\t\t\t\t\t\t\t\t<p><strong>Kurier<\/strong><\/p><p>Wir f\u00fchren Sondertransporte durch, darunter:<\/p><ul><li>Besondere Dokumente<\/li><li>Medizinisch<\/li><li>Blut und Organe<\/li><li>Labordokumente<\/li><li>Sonderfahrten<\/li><\/ul><p>Wir sind kompetent, schnell, zuverl\u00e4ssig, sicher, flexibel und vielseitig!<\/p>\t\t\t\t\t\t\t\t<\/div>\n\t\t\t\t<\/div>\n\t\t\t\t<div class=\"elementor-element elementor-element-528972c8 elementor-hidden-desktop elementor-hidden-tablet elementor-widget elementor-widget-image\" data-id=\"528972c8\" data-element_type=\"widget\" data-e-type=\"widget\" data-widget_type=\"image.default\">\n\t\t\t\t<div class=\"elementor-widget-container\">\n\t\t\t\t\t\t\t\t\t\t\t\t\t\t\t<img fetchpriority=\"high\" decoding=\"async\" width=\"800\" height=\"440\" src=\"https:\/\/vio-services.de\/wp-content\/uploads\/2023\/10\/WhatsApp-Image-2023-10-10-at-19.00.32_17036d73-1024x563.jpg\" class=\"attachment-large size-large wp-image-626\" alt=\"\" srcset=\"https:\/\/vio-services.de\/wp-content\/uploads\/2023\/10\/WhatsApp-Image-2023-10-10-at-19.00.32_17036d73-1024x563.jpg 1024w, https:\/\/vio-services.de\/wp-content\/uploads\/2023\/10\/WhatsApp-Image-2023-10-10-at-19.00.32_17036d73-300x165.jpg 300w, https:\/\/vio-services.de\/wp-content\/uploads\/2023\/10\/WhatsApp-Image-2023-10-10-at-19.00.32_17036d73-768x422.jpg 768w, https:\/\/vio-services.de\/wp-content\/uploads\/2023\/10\/WhatsApp-Image-2023-10-10-at-19.00.32_17036d73-1536x844.jpg 1536w, https:\/\/vio-services.de\/wp-content\/uploads\/2023\/10\/WhatsApp-Image-2023-10-10-at-19.00.32_17036d73-18x10.jpg 18w, https:\/\/vio-services.de\/wp-content\/uploads\/2023\/10\/WhatsApp-Image-2023-10-10-at-19.00.32_17036d73.jpg 1600w\" sizes=\"(max-width: 800px) 100vw, 800px\" \/>\t\t\t\t\t\t\t\t\t\t\t\t\t\t\t<\/div>\n\t\t\t\t<\/div>\n\t\t\t\t\t<\/div>\n\t\t<\/div>\n\t\t\t\t<div class=\"elementor-column elementor-col-50 elementor-top-column elementor-element elementor-element-73cff266 elementor-hidden-tablet elementor-hidden-mobile\" data-id=\"73cff266\" data-element_type=\"column\" data-e-type=\"column\">\n\t\t\t<div class=\"elementor-widget-wrap elementor-element-populated\">\n\t\t\t\t\t\t<div class=\"elementor-element elementor-element-5beff28 elementor-widget elementor-widget-image\" data-id=\"5beff28\" data-element_type=\"widget\" data-e-type=\"widget\" data-widget_type=\"image.default\">\n\t\t\t\t<div class=\"elementor-widget-container\">\n\t\t\t\t\t\t\t\t\t\t\t\t\t\t\t<img fetchpriority=\"high\" decoding=\"async\" width=\"800\" height=\"440\" src=\"https:\/\/vio-services.de\/wp-content\/uploads\/2023\/10\/WhatsApp-Image-2023-10-10-at-19.00.32_17036d73-1024x563.jpg\" class=\"attachment-large size-large wp-image-626\" alt=\"\" srcset=\"https:\/\/vio-services.de\/wp-content\/uploads\/2023\/10\/WhatsApp-Image-2023-10-10-at-19.00.32_17036d73-1024x563.jpg 1024w, https:\/\/vio-services.de\/wp-content\/uploads\/2023\/10\/WhatsApp-Image-2023-10-10-at-19.00.32_17036d73-300x165.jpg 300w, https:\/\/vio-services.de\/wp-content\/uploads\/2023\/10\/WhatsApp-Image-2023-10-10-at-19.00.32_17036d73-768x422.jpg 768w, https:\/\/vio-services.de\/wp-content\/uploads\/2023\/10\/WhatsApp-Image-2023-10-10-at-19.00.32_17036d73-1536x844.jpg 1536w, https:\/\/vio-services.de\/wp-content\/uploads\/2023\/10\/WhatsApp-Image-2023-10-10-at-19.00.32_17036d73-18x10.jpg 18w, https:\/\/vio-services.de\/wp-content\/uploads\/2023\/10\/WhatsApp-Image-2023-10-10-at-19.00.32_17036d73.jpg 1600w\" sizes=\"(max-width: 800px) 100vw, 800px\" \/>\t\t\t\t\t\t\t\t\t\t\t\t\t\t\t<\/div>\n\t\t\t\t<\/div>\n\t\t\t\t\t<\/div>\n\t\t<\/div>\n\t\t\t\t\t<\/div>\n\t\t<\/section>\n\t\t\t\t<section class=\"elementor-section elementor-top-section elementor-element elementor-element-3e415bf6 elementor-section-height-min-height elementor-section-boxed elementor-section-height-default elementor-section-items-middle wpr-particle-no wpr-jarallax-no wpr-parallax-no wpr-sticky-section-no elementor-invisible\" data-id=\"3e415bf6\" data-element_type=\"section\" data-e-type=\"section\" data-settings=\"{&quot;background_background&quot;:&quot;classic&quot;,&quot;animation&quot;:&quot;fadeIn&quot;}\">\n\t\t\t\t\t\t\t<div class=\"elementor-background-overlay\"><\/div>\n\t\t\t\t\t\t\t<div class=\"elementor-container elementor-column-gap-default\">\n\t\t\t\t\t<div class=\"elementor-column elementor-col-100 elementor-top-column elementor-element elementor-element-6492c38b\" data-id=\"6492c38b\" data-element_type=\"column\" data-e-type=\"column\">\n\t\t\t<div class=\"elementor-widget-wrap elementor-element-populated\">\n\t\t\t\t\t\t<div class=\"elementor-element elementor-element-5343312 elementor-widget elementor-widget-heading\" data-id=\"5343312\" data-element_type=\"widget\" data-e-type=\"widget\" data-widget_type=\"heading.default\">\n\t\t\t\t<div class=\"elementor-widget-container\">\n\t\t\t\t\t<h2 class=\"elementor-heading-title elementor-size-default\">Haben Sie Fragen? Wir haben Antworten.<\/h2>\t\t\t\t<\/div>\n\t\t\t\t<\/div>\n\t\t\t\t<div class=\"elementor-element elementor-element-3c2fc51a elementor-widget elementor-widget-text-editor\" data-id=\"3c2fc51a\" data-element_type=\"widget\" data-e-type=\"widget\" data-widget_type=\"text-editor.default\">\n\t\t\t\t<div class=\"elementor-widget-container\">\n\t\t\t\t\t\t\t\t\t<div class=\"block-title\"><div class=\"block-title__description\"><p class=\"info\">Einfache Kommunikation, hervorragende Ergebnisse.<\/p><\/div><\/div>\t\t\t\t\t\t\t\t<\/div>\n\t\t\t\t<\/div>\n\t\t\t\t<div class=\"elementor-element elementor-element-64cd3298 wpr-button-icon-style-inline wpr-button-icon-position-right elementor-widget elementor-widget-wpr-button\" data-id=\"64cd3298\" data-element_type=\"widget\" data-e-type=\"widget\" data-widget_type=\"wpr-button.default\">\n\t\t\t\t<div class=\"elementor-widget-container\">\n\t\t\t\t\t\t\n\t\t\t\n\t\t\n\t\t<div class=\"wpr-button-wrap elementor-clearfix\">\n\t\t<a class=\"wpr-button wpr-button-effect wpr-button-none\" data-text=\"\" href=\"tel: 49015171558701\">\n\t\t\t\n\t\t\t<span class=\"wpr-button-content\">\n\t\t\t\t\t\t\t\t\t<span class=\"wpr-button-text\">Sun\u0103 acum!\u200b<\/span>\n\t\t\t\t\t\t\t\t\n\t\t\t\t\t\t\t<\/span>\n\t\t<\/a>\n\n\t\t\t\t<\/div>\n\t\n\t\n\t\t\t\t\t<\/div>\n\t\t\t\t<\/div>\n\t\t\t\t\t<\/div>\n\t\t<\/div>\n\t\t\t\t\t<\/div>\n\t\t<\/section>\n\t\t\t\t<\/div>","protected":false},"excerpt":{"rendered":"<p>Curierat F\u0102-\u021aI VIA\u021aA MAI U\u0219oar\u0103! Curierat Efectu\u0103m transporturi speciale, inclusiv: Documente speciale Medicamente S\u00e2nge \u0219i organe Documente de laborator Excursii speciale Suntem competen\u021bi, rapizi, de \u00eencredere, siguri, flexibili \u0219i versatili! Ai \u00eentreb\u0103ri? Noi avem r\u0103spunsuri. Comunicare simpl\u0103, rezultate excelente. Sun\u0103 acum!\u200b<\/p>","protected":false},"author":1,"featured_media":0,"parent":0,"menu_order":0,"comment_status":"closed","ping_status":"closed","template":"elementor_header_footer","meta":{"_joinchat":[],"footnotes":""},"class_list":["post-227","page","type-page","status-publish","hentry"],"_links":{"self":[{"href":"https:\/\/vio-services.de\/de\/wp-json\/wp\/v2\/pages\/227","targetHints":{"allow":["GET"]}}],"collection":[{"href":"https:\/\/vio-services.de\/de\/wp-json\/wp\/v2\/pages"}],"about":[{"href":"https:\/\/vio-services.de\/de\/wp-json\/wp\/v2\/types\/page"}],"author":[{"embeddable":true,"href":"https:\/\/vio-services.de\/de\/wp-json\/wp\/v2\/users\/1"}],"replies":[{"embeddable":true,"href":"https:\/\/vio-services.de\/de\/wp-json\/wp\/v2\/comments?post=227"}],"version-history":[{"count":19,"href":"https:\/\/vio-services.de\/de\/wp-json\/wp\/v2\/pages\/227\/revisions"}],"predecessor-version":[{"id":629,"href":"https:\/\/vio-services.de\/de\/wp-json\/wp\/v2\/pages\/227\/revisions\/629"}],"wp:attachment":[{"href":"https:\/\/vio-services.de\/de\/wp-json\/wp\/v2\/media?parent=227"}],"curies":[{"name":"wp","href":"https:\/\/api.w.org\/{rel}","templated":true}]}}