{"id":225,"date":"2023-09-12T09:17:28","date_gmt":"2023-09-12T09:17:28","guid":{"rendered":"https:\/\/vio-services.de\/?page_id=225"},"modified":"2023-09-14T17:38:21","modified_gmt":"2023-09-14T17:38:21","slug":"intretinere-auto","status":"publish","type":"page","link":"https:\/\/vio-services.de\/de\/intretinere-auto\/","title":{"rendered":"Autopflege"},"content":{"rendered":"<div data-elementor-type=\"wp-page\" data-elementor-id=\"225\" class=\"elementor elementor-225\">\n\t\t\t\t\t\t<section class=\"elementor-section elementor-top-section elementor-element elementor-element-2594e05b elementor-section-boxed elementor-section-height-default elementor-section-height-default wpr-particle-no wpr-jarallax-no wpr-parallax-no wpr-sticky-section-no\" data-id=\"2594e05b\" data-element_type=\"section\" data-e-type=\"section\">\n\t\t\t\t\t\t<div class=\"elementor-container elementor-column-gap-wide\">\n\t\t\t\t\t<div class=\"elementor-column elementor-col-50 elementor-top-column elementor-element elementor-element-1e7ef5fa\" data-id=\"1e7ef5fa\" data-element_type=\"column\" data-e-type=\"column\">\n\t\t\t<div class=\"elementor-widget-wrap elementor-element-populated\">\n\t\t\t\t\t\t<section class=\"elementor-section elementor-inner-section elementor-element elementor-element-201d923f elementor-section-boxed elementor-section-height-default elementor-section-height-default wpr-particle-no wpr-jarallax-no wpr-parallax-no wpr-sticky-section-no\" data-id=\"201d923f\" data-element_type=\"section\" data-e-type=\"section\">\n\t\t\t\t\t\t<div class=\"elementor-container elementor-column-gap-default\">\n\t\t\t\t\t<div class=\"elementor-column elementor-col-50 elementor-inner-column elementor-element elementor-element-37f082a\" data-id=\"37f082a\" data-element_type=\"column\" data-e-type=\"column\">\n\t\t\t<div class=\"elementor-widget-wrap elementor-element-populated\">\n\t\t\t\t\t\t<div class=\"elementor-element elementor-element-183872c2 elementor-widget-divider--view-line elementor-widget elementor-widget-divider\" data-id=\"183872c2\" data-element_type=\"widget\" data-e-type=\"widget\" data-widget_type=\"divider.default\">\n\t\t\t\t<div class=\"elementor-widget-container\">\n\t\t\t\t\t\t\t<div class=\"elementor-divider\">\n\t\t\t<span class=\"elementor-divider-separator\">\n\t\t\t\t\t\t<\/span>\n\t\t<\/div>\n\t\t\t\t\t\t<\/div>\n\t\t\t\t<\/div>\n\t\t\t\t\t<\/div>\n\t\t<\/div>\n\t\t\t\t<div class=\"elementor-column elementor-col-50 elementor-inner-column elementor-element elementor-element-a3ffad8\" data-id=\"a3ffad8\" data-element_type=\"column\" data-e-type=\"column\">\n\t\t\t<div class=\"elementor-widget-wrap elementor-element-populated\">\n\t\t\t\t\t\t<div class=\"elementor-element elementor-element-2f0559ce elementor-widget elementor-widget-heading\" data-id=\"2f0559ce\" data-element_type=\"widget\" data-e-type=\"widget\" data-widget_type=\"heading.default\">\n\t\t\t\t<div class=\"elementor-widget-container\">\n\t\t\t\t\t<h2 class=\"elementor-heading-title elementor-size-default\">Intretinere Auto<\/h2>\t\t\t\t<\/div>\n\t\t\t\t<\/div>\n\t\t\t\t\t<\/div>\n\t\t<\/div>\n\t\t\t\t\t<\/div>\n\t\t<\/section>\n\t\t\t\t<div class=\"elementor-element elementor-element-320eb6b4 elementor-widget elementor-widget-heading\" data-id=\"320eb6b4\" data-element_type=\"widget\" data-e-type=\"widget\" data-widget_type=\"heading.default\">\n\t\t\t\t<div class=\"elementor-widget-container\">\n\t\t\t\t\t<h2 class=\"elementor-heading-title elementor-size-default\">Machen Sie Ihr Leben einfacher!<\/h2>\t\t\t\t<\/div>\n\t\t\t\t<\/div>\n\t\t\t\t<div class=\"elementor-element elementor-element-1a08691a elementor-widget elementor-widget-text-editor\" data-id=\"1a08691a\" data-element_type=\"widget\" data-e-type=\"widget\" data-widget_type=\"text-editor.default\">\n\t\t\t\t<div class=\"elementor-widget-container\">\n\t\t\t\t\t\t\t\t\t<p><strong>Servicii de \u00centre\u021binere Auto<\/strong><\/p><p>Oferim servicii de cur\u0103\u021bare interioar\u0103 pentru ma\u0219ina ta, utiliz\u00e2nd solu\u021bii bio \u0219i eficiente pentru o cur\u0103\u021bare absolut\u0103!<\/p><p>Aceste servicii includ:<\/p><ul><li>Cur\u0103\u021barea interioar\u0103 (scaune, banchet\u0103, portbagaj) \u0219i, la cerere, cur\u0103\u021barea tapiteriei<\/li><li>Restaurarea jantelor ma\u0219inii, pentru a ar\u0103ta ca noi<\/li><li>Cur\u0103\u021barea geamurilor \u0219i a parbrizului<\/li><\/ul><p>\u00cen plus, oferim \u0219i urm\u0103toarele servicii:<\/p><ul><li>Teppichreinigung<\/li><li>Cur\u0103\u021barea canapelelor, indiferent de m\u0103rimea lor<\/li><li>Cur\u0103\u021barea scaunelor tapitate sau din piele<\/li><\/ul><p>Suntem flexibili \u0219i oferim servicii la domiciliul clientului \u00eentr-o raz\u0103 de 30 km de Treuchtlingen.<\/p><p>Pentru o ma\u0219in\u0103 curat\u0103 \u0219i proasp\u0103t\u0103, contacta\u021bi-ne ast\u0103zi!<\/p>\t\t\t\t\t\t\t\t<\/div>\n\t\t\t\t<\/div>\n\t\t\t\t<div class=\"elementor-element elementor-element-9e8c541 elementor-hidden-desktop elementor-hidden-tablet elementor-widget elementor-widget-image\" data-id=\"9e8c541\" data-element_type=\"widget\" data-e-type=\"widget\" data-widget_type=\"image.default\">\n\t\t\t\t<div class=\"elementor-widget-container\">\n\t\t\t\t\t\t\t\t\t\t\t\t\t\t\t<img fetchpriority=\"high\" decoding=\"async\" width=\"800\" height=\"534\" src=\"https:\/\/vio-services.de\/wp-content\/uploads\/2023\/09\/tim-mossholder-V37iTrYZz2E-unsplash-1024x683.jpg\" class=\"attachment-large size-large wp-image-540\" alt=\"\" srcset=\"https:\/\/vio-services.de\/wp-content\/uploads\/2023\/09\/tim-mossholder-V37iTrYZz2E-unsplash-1024x683.jpg 1024w, https:\/\/vio-services.de\/wp-content\/uploads\/2023\/09\/tim-mossholder-V37iTrYZz2E-unsplash-300x200.jpg 300w, https:\/\/vio-services.de\/wp-content\/uploads\/2023\/09\/tim-mossholder-V37iTrYZz2E-unsplash-768x512.jpg 768w, https:\/\/vio-services.de\/wp-content\/uploads\/2023\/09\/tim-mossholder-V37iTrYZz2E-unsplash-1536x1024.jpg 1536w, https:\/\/vio-services.de\/wp-content\/uploads\/2023\/09\/tim-mossholder-V37iTrYZz2E-unsplash-2048x1365.jpg 2048w\" sizes=\"(max-width: 800px) 100vw, 800px\" \/>\t\t\t\t\t\t\t\t\t\t\t\t\t\t\t<\/div>\n\t\t\t\t<\/div>\n\t\t\t\t\t<\/div>\n\t\t<\/div>\n\t\t\t\t<div class=\"elementor-column elementor-col-50 elementor-top-column elementor-element elementor-element-573ea6f3 elementor-hidden-tablet elementor-hidden-mobile\" data-id=\"573ea6f3\" data-element_type=\"column\" data-e-type=\"column\">\n\t\t\t<div class=\"elementor-widget-wrap elementor-element-populated\">\n\t\t\t\t\t\t<div class=\"elementor-element elementor-element-3f6d465b elementor-widget elementor-widget-image\" data-id=\"3f6d465b\" data-element_type=\"widget\" data-e-type=\"widget\" data-widget_type=\"image.default\">\n\t\t\t\t<div class=\"elementor-widget-container\">\n\t\t\t\t\t\t\t\t\t\t\t\t\t\t\t<img fetchpriority=\"high\" decoding=\"async\" width=\"800\" height=\"534\" src=\"https:\/\/vio-services.de\/wp-content\/uploads\/2023\/09\/tim-mossholder-V37iTrYZz2E-unsplash-1024x683.jpg\" class=\"attachment-large size-large wp-image-540\" alt=\"\" srcset=\"https:\/\/vio-services.de\/wp-content\/uploads\/2023\/09\/tim-mossholder-V37iTrYZz2E-unsplash-1024x683.jpg 1024w, https:\/\/vio-services.de\/wp-content\/uploads\/2023\/09\/tim-mossholder-V37iTrYZz2E-unsplash-300x200.jpg 300w, https:\/\/vio-services.de\/wp-content\/uploads\/2023\/09\/tim-mossholder-V37iTrYZz2E-unsplash-768x512.jpg 768w, https:\/\/vio-services.de\/wp-content\/uploads\/2023\/09\/tim-mossholder-V37iTrYZz2E-unsplash-1536x1024.jpg 1536w, https:\/\/vio-services.de\/wp-content\/uploads\/2023\/09\/tim-mossholder-V37iTrYZz2E-unsplash-2048x1365.jpg 2048w\" sizes=\"(max-width: 800px) 100vw, 800px\" \/>\t\t\t\t\t\t\t\t\t\t\t\t\t\t\t<\/div>\n\t\t\t\t<\/div>\n\t\t\t\t\t<\/div>\n\t\t<\/div>\n\t\t\t\t\t<\/div>\n\t\t<\/section>\n\t\t\t\t<section class=\"elementor-section elementor-top-section elementor-element elementor-element-d19e828 elementor-section-height-min-height elementor-section-boxed elementor-section-height-default elementor-section-items-middle wpr-particle-no wpr-jarallax-no wpr-parallax-no wpr-sticky-section-no elementor-invisible\" data-id=\"d19e828\" data-element_type=\"section\" data-e-type=\"section\" data-settings=\"{&quot;background_background&quot;:&quot;classic&quot;,&quot;animation&quot;:&quot;fadeIn&quot;}\">\n\t\t\t\t\t\t\t<div class=\"elementor-background-overlay\"><\/div>\n\t\t\t\t\t\t\t<div class=\"elementor-container elementor-column-gap-default\">\n\t\t\t\t\t<div class=\"elementor-column elementor-col-100 elementor-top-column elementor-element elementor-element-28e371a3\" data-id=\"28e371a3\" data-element_type=\"column\" data-e-type=\"column\">\n\t\t\t<div class=\"elementor-widget-wrap elementor-element-populated\">\n\t\t\t\t\t\t<div class=\"elementor-element elementor-element-5b403d30 elementor-widget elementor-widget-heading\" data-id=\"5b403d30\" data-element_type=\"widget\" data-e-type=\"widget\" data-widget_type=\"heading.default\">\n\t\t\t\t<div class=\"elementor-widget-container\">\n\t\t\t\t\t<h2 class=\"elementor-heading-title elementor-size-default\">Haben Sie Fragen? Wir haben Antworten.<\/h2>\t\t\t\t<\/div>\n\t\t\t\t<\/div>\n\t\t\t\t<div class=\"elementor-element elementor-element-628f47a8 elementor-widget elementor-widget-text-editor\" data-id=\"628f47a8\" data-element_type=\"widget\" data-e-type=\"widget\" data-widget_type=\"text-editor.default\">\n\t\t\t\t<div class=\"elementor-widget-container\">\n\t\t\t\t\t\t\t\t\t<div class=\"block-title\"><div class=\"block-title__description\"><p class=\"info\">Einfache Kommunikation, hervorragende Ergebnisse.<\/p><\/div><\/div>\t\t\t\t\t\t\t\t<\/div>\n\t\t\t\t<\/div>\n\t\t\t\t<div class=\"elementor-element elementor-element-271d3904 wpr-button-icon-style-inline wpr-button-icon-position-right elementor-widget elementor-widget-wpr-button\" data-id=\"271d3904\" data-element_type=\"widget\" data-e-type=\"widget\" data-widget_type=\"wpr-button.default\">\n\t\t\t\t<div class=\"elementor-widget-container\">\n\t\t\t\t\t\t\n\t\t\t\n\t\t\n\t\t<div class=\"wpr-button-wrap elementor-clearfix\">\n\t\t<a class=\"wpr-button wpr-button-effect wpr-button-none\" data-text=\"\" href=\"tel: 49015171558701\">\n\t\t\t\n\t\t\t<span class=\"wpr-button-content\">\n\t\t\t\t\t\t\t\t\t<span class=\"wpr-button-text\">Sun\u0103 acum!\u200b<\/span>\n\t\t\t\t\t\t\t\t\n\t\t\t\t\t\t\t<\/span>\n\t\t<\/a>\n\n\t\t\t\t<\/div>\n\t\n\t\n\t\t\t\t\t<\/div>\n\t\t\t\t<\/div>\n\t\t\t\t\t<\/div>\n\t\t<\/div>\n\t\t\t\t\t<\/div>\n\t\t<\/section>\n\t\t\t\t<\/div>","protected":false},"excerpt":{"rendered":"<p>Intretinere Auto F\u0102-\u021aI VIA\u021aA MAI U\u0219oar\u0103! Servicii de \u00centre\u021binere Auto Oferim servicii de cur\u0103\u021bare interioar\u0103 pentru ma\u0219ina ta, utiliz\u00e2nd solu\u021bii bio \u0219i eficiente pentru o cur\u0103\u021bare absolut\u0103! Aceste servicii includ: Cur\u0103\u021barea interioar\u0103 (scaune, banchet\u0103, portbagaj) \u0219i, la cerere, cur\u0103\u021barea tapiteriei Restaurarea jantelor ma\u0219inii, pentru a ar\u0103ta ca noi Cur\u0103\u021barea geamurilor \u0219i a parbrizului \u00cen plus, oferim \u0219i urm\u0103toarele servicii: Cur\u0103\u021barea covoarelor Cur\u0103\u021barea canapelelor, indiferent de m\u0103rimea lor Cur\u0103\u021barea scaunelor tapitate sau din piele Suntem flexibili \u0219i oferim servicii la domiciliul clientului \u00eentr-o raz\u0103 de 30 km de Treuchtlingen. Pentru o ma\u0219in\u0103 curat\u0103 \u0219i proasp\u0103t\u0103, contacta\u021bi-ne ast\u0103zi! Ai \u00eentreb\u0103ri? Noi avem r\u0103spunsuri. Comunicare simpl\u0103, rezultate excelente. Sun\u0103 acum!\u200b<\/p>","protected":false},"author":1,"featured_media":0,"parent":0,"menu_order":0,"comment_status":"closed","ping_status":"closed","template":"elementor_header_footer","meta":{"_joinchat":[],"footnotes":""},"class_list":["post-225","page","type-page","status-publish","hentry"],"_links":{"self":[{"href":"https:\/\/vio-services.de\/de\/wp-json\/wp\/v2\/pages\/225","targetHints":{"allow":["GET"]}}],"collection":[{"href":"https:\/\/vio-services.de\/de\/wp-json\/wp\/v2\/pages"}],"about":[{"href":"https:\/\/vio-services.de\/de\/wp-json\/wp\/v2\/types\/page"}],"author":[{"embeddable":true,"href":"https:\/\/vio-services.de\/de\/wp-json\/wp\/v2\/users\/1"}],"replies":[{"embeddable":true,"href":"https:\/\/vio-services.de\/de\/wp-json\/wp\/v2\/comments?post=225"}],"version-history":[{"count":10,"href":"https:\/\/vio-services.de\/de\/wp-json\/wp\/v2\/pages\/225\/revisions"}],"predecessor-version":[{"id":543,"href":"https:\/\/vio-services.de\/de\/wp-json\/wp\/v2\/pages\/225\/revisions\/543"}],"wp:attachment":[{"href":"https:\/\/vio-services.de\/de\/wp-json\/wp\/v2\/media?parent=225"}],"curies":[{"name":"wp","href":"https:\/\/api.w.org\/{rel}","templated":true}]}}