{"id":223,"date":"2023-09-12T09:17:14","date_gmt":"2023-09-12T09:17:14","guid":{"rendered":"https:\/\/vio-services.de\/?page_id=223"},"modified":"2023-09-14T17:34:54","modified_gmt":"2023-09-14T17:34:54","slug":"renovari","status":"publish","type":"page","link":"https:\/\/vio-services.de\/de\/renovari\/","title":{"rendered":"Renovierung"},"content":{"rendered":"<div data-elementor-type=\"wp-page\" data-elementor-id=\"223\" class=\"elementor elementor-223\">\n\t\t\t\t\t\t<section class=\"elementor-section elementor-top-section elementor-element elementor-element-fb60ca4 elementor-section-boxed elementor-section-height-default elementor-section-height-default wpr-particle-no wpr-jarallax-no wpr-parallax-no wpr-sticky-section-no\" data-id=\"fb60ca4\" data-element_type=\"section\" data-e-type=\"section\">\n\t\t\t\t\t\t<div class=\"elementor-container elementor-column-gap-wide\">\n\t\t\t\t\t<div class=\"elementor-column elementor-col-50 elementor-top-column elementor-element elementor-element-4d386451\" data-id=\"4d386451\" data-element_type=\"column\" data-e-type=\"column\">\n\t\t\t<div class=\"elementor-widget-wrap elementor-element-populated\">\n\t\t\t\t\t\t<section class=\"elementor-section elementor-inner-section elementor-element elementor-element-30a23558 elementor-section-boxed elementor-section-height-default elementor-section-height-default wpr-particle-no wpr-jarallax-no wpr-parallax-no wpr-sticky-section-no\" data-id=\"30a23558\" data-element_type=\"section\" data-e-type=\"section\">\n\t\t\t\t\t\t<div class=\"elementor-container elementor-column-gap-default\">\n\t\t\t\t\t<div class=\"elementor-column elementor-col-50 elementor-inner-column elementor-element elementor-element-46ec373\" data-id=\"46ec373\" data-element_type=\"column\" data-e-type=\"column\">\n\t\t\t<div class=\"elementor-widget-wrap elementor-element-populated\">\n\t\t\t\t\t\t<div class=\"elementor-element elementor-element-36a379e9 elementor-widget-divider--view-line elementor-widget elementor-widget-divider\" data-id=\"36a379e9\" data-element_type=\"widget\" data-e-type=\"widget\" data-widget_type=\"divider.default\">\n\t\t\t\t<div class=\"elementor-widget-container\">\n\t\t\t\t\t\t\t<div class=\"elementor-divider\">\n\t\t\t<span class=\"elementor-divider-separator\">\n\t\t\t\t\t\t<\/span>\n\t\t<\/div>\n\t\t\t\t\t\t<\/div>\n\t\t\t\t<\/div>\n\t\t\t\t\t<\/div>\n\t\t<\/div>\n\t\t\t\t<div class=\"elementor-column elementor-col-50 elementor-inner-column elementor-element elementor-element-102c2e57\" data-id=\"102c2e57\" data-element_type=\"column\" data-e-type=\"column\">\n\t\t\t<div class=\"elementor-widget-wrap elementor-element-populated\">\n\t\t\t\t\t\t<div class=\"elementor-element elementor-element-80b3c40 elementor-widget elementor-widget-heading\" data-id=\"80b3c40\" data-element_type=\"widget\" data-e-type=\"widget\" data-widget_type=\"heading.default\">\n\t\t\t\t<div class=\"elementor-widget-container\">\n\t\t\t\t\t<h2 class=\"elementor-heading-title elementor-size-default\">Renovierung<\/h2>\t\t\t\t<\/div>\n\t\t\t\t<\/div>\n\t\t\t\t\t<\/div>\n\t\t<\/div>\n\t\t\t\t\t<\/div>\n\t\t<\/section>\n\t\t\t\t<div class=\"elementor-element elementor-element-8ae2d4d elementor-widget elementor-widget-heading\" data-id=\"8ae2d4d\" data-element_type=\"widget\" data-e-type=\"widget\" data-widget_type=\"heading.default\">\n\t\t\t\t<div class=\"elementor-widget-container\">\n\t\t\t\t\t<h2 class=\"elementor-heading-title elementor-size-default\">Machen Sie Ihr Leben einfacher!<\/h2>\t\t\t\t<\/div>\n\t\t\t\t<\/div>\n\t\t\t\t<div class=\"elementor-element elementor-element-66e2b7f3 elementor-widget elementor-widget-text-editor\" data-id=\"66e2b7f3\" data-element_type=\"widget\" data-e-type=\"widget\" data-widget_type=\"text-editor.default\">\n\t\t\t\t<div class=\"elementor-widget-container\">\n\t\t\t\t\t\t\t\t\t<p><strong>Servicii de Renovare Profesionale<\/strong><\/p><p>Planifica\u021bi o renovare sau modernizare? Suntem alegerea potrivit\u0103!<\/p><p>Vizitele, consulta\u021biile \u0219i estim\u0103rile sunt gratuite pentru tine!<\/p><p>Calitatea nu trebuie s\u0103 fie costisitoare. V\u0103 vom surprinde cu pre\u021burile noastre corecte.<\/p><p>Serviciile noastre includ:<\/p><ul><li>Lucr\u0103ri de gips-carton<\/li><li>Pardoseli (parchet, laminat, vinil, etc.)<\/li><li>Renovare complet\u0103<\/li><li>Pozare gresie \u0219i lucr\u0103ri de mozaic<\/li><li>Parchet laminat<\/li><li>Tavane suspendate din gips-carton<\/li><li>Lucr\u0103ri de tapet \u0219i demontare tapet<\/li><li>Instalarea ferestrelor \u0219i u\u0219ilor<\/li><li>Umplerea f\u0103r\u0103 probleme a pere\u021bilor, inclusiv \u021bes\u0103tur\u0103 de sticl\u0103<\/li><li>Lucr\u0103ri de vopsire \u0219i l\u0103cuire<\/li><li>Renovare complet\u0103 a b\u0103ii, inclusiv du\u0219uri cu nivelare a podelei<\/li><li>Slefuire \u0219i etan\u0219are parchet din lemn<\/li><li>Slefuire \u0219i revopsire pentru toate tipurile de lemn<\/li><li>Lucr\u0103ri de fa\u021bad\u0103<\/li><li>Izolarea funda\u021biilor<\/li><\/ul><p>A\u0219tept\u0103m cu ner\u0103bdare s\u0103 lu\u0103m leg\u0103tura cu dvs. Lucrarea noastr\u0103 este precis\u0103, serioas\u0103 \u0219i de \u00eencredere!<\/p><p>Accept\u0103m comenzi \u00een Treuchtlingen \u0219i \u00een zonele din jur pe o raz\u0103 de +100 km.<\/p><p>Ne pute\u021bi contacta pentru sfaturi gratuite la fa\u021ba locului sau pute\u021bi trimite cererea dvs. cu poze prin WhatsApp!<\/p>\t\t\t\t\t\t\t\t<\/div>\n\t\t\t\t<\/div>\n\t\t\t\t<div class=\"elementor-element elementor-element-758c13f8 elementor-hidden-desktop elementor-hidden-tablet elementor-widget elementor-widget-image\" data-id=\"758c13f8\" data-element_type=\"widget\" data-e-type=\"widget\" data-widget_type=\"image.default\">\n\t\t\t\t<div class=\"elementor-widget-container\">\n\t\t\t\t\t\t\t\t\t\t\t\t\t\t\t<img fetchpriority=\"high\" decoding=\"async\" width=\"800\" height=\"534\" src=\"https:\/\/vio-services.de\/wp-content\/uploads\/2023\/09\/erik-mclean-RfkaDKptt-A-unsplash-1024x683.jpg\" class=\"attachment-large size-large wp-image-528\" alt=\"\" srcset=\"https:\/\/vio-services.de\/wp-content\/uploads\/2023\/09\/erik-mclean-RfkaDKptt-A-unsplash-1024x683.jpg 1024w, https:\/\/vio-services.de\/wp-content\/uploads\/2023\/09\/erik-mclean-RfkaDKptt-A-unsplash-300x200.jpg 300w, https:\/\/vio-services.de\/wp-content\/uploads\/2023\/09\/erik-mclean-RfkaDKptt-A-unsplash-768x512.jpg 768w, https:\/\/vio-services.de\/wp-content\/uploads\/2023\/09\/erik-mclean-RfkaDKptt-A-unsplash-1536x1024.jpg 1536w, https:\/\/vio-services.de\/wp-content\/uploads\/2023\/09\/erik-mclean-RfkaDKptt-A-unsplash-2048x1365.jpg 2048w\" sizes=\"(max-width: 800px) 100vw, 800px\" \/>\t\t\t\t\t\t\t\t\t\t\t\t\t\t\t<\/div>\n\t\t\t\t<\/div>\n\t\t\t\t\t<\/div>\n\t\t<\/div>\n\t\t\t\t<div class=\"elementor-column elementor-col-50 elementor-top-column elementor-element elementor-element-17baf96e elementor-hidden-tablet elementor-hidden-mobile\" data-id=\"17baf96e\" data-element_type=\"column\" data-e-type=\"column\">\n\t\t\t<div class=\"elementor-widget-wrap elementor-element-populated\">\n\t\t\t\t\t\t<div class=\"elementor-element elementor-element-297d9c80 elementor-widget elementor-widget-image\" data-id=\"297d9c80\" data-element_type=\"widget\" data-e-type=\"widget\" data-widget_type=\"image.default\">\n\t\t\t\t<div class=\"elementor-widget-container\">\n\t\t\t\t\t\t\t\t\t\t\t\t\t\t\t<img fetchpriority=\"high\" decoding=\"async\" width=\"800\" height=\"534\" src=\"https:\/\/vio-services.de\/wp-content\/uploads\/2023\/09\/erik-mclean-RfkaDKptt-A-unsplash-1024x683.jpg\" class=\"attachment-large size-large wp-image-528\" alt=\"\" srcset=\"https:\/\/vio-services.de\/wp-content\/uploads\/2023\/09\/erik-mclean-RfkaDKptt-A-unsplash-1024x683.jpg 1024w, https:\/\/vio-services.de\/wp-content\/uploads\/2023\/09\/erik-mclean-RfkaDKptt-A-unsplash-300x200.jpg 300w, https:\/\/vio-services.de\/wp-content\/uploads\/2023\/09\/erik-mclean-RfkaDKptt-A-unsplash-768x512.jpg 768w, https:\/\/vio-services.de\/wp-content\/uploads\/2023\/09\/erik-mclean-RfkaDKptt-A-unsplash-1536x1024.jpg 1536w, https:\/\/vio-services.de\/wp-content\/uploads\/2023\/09\/erik-mclean-RfkaDKptt-A-unsplash-2048x1365.jpg 2048w\" sizes=\"(max-width: 800px) 100vw, 800px\" \/>\t\t\t\t\t\t\t\t\t\t\t\t\t\t\t<\/div>\n\t\t\t\t<\/div>\n\t\t\t\t\t<\/div>\n\t\t<\/div>\n\t\t\t\t\t<\/div>\n\t\t<\/section>\n\t\t\t\t<section class=\"elementor-section elementor-top-section elementor-element elementor-element-47125d39 elementor-section-height-min-height elementor-section-boxed elementor-section-height-default elementor-section-items-middle wpr-particle-no wpr-jarallax-no wpr-parallax-no wpr-sticky-section-no elementor-invisible\" data-id=\"47125d39\" data-element_type=\"section\" data-e-type=\"section\" data-settings=\"{&quot;background_background&quot;:&quot;classic&quot;,&quot;animation&quot;:&quot;fadeIn&quot;}\">\n\t\t\t\t\t\t\t<div class=\"elementor-background-overlay\"><\/div>\n\t\t\t\t\t\t\t<div class=\"elementor-container elementor-column-gap-default\">\n\t\t\t\t\t<div class=\"elementor-column elementor-col-100 elementor-top-column elementor-element elementor-element-1ff98f85\" data-id=\"1ff98f85\" data-element_type=\"column\" data-e-type=\"column\">\n\t\t\t<div class=\"elementor-widget-wrap elementor-element-populated\">\n\t\t\t\t\t\t<div class=\"elementor-element elementor-element-6cfa8f88 elementor-widget elementor-widget-heading\" data-id=\"6cfa8f88\" data-element_type=\"widget\" data-e-type=\"widget\" data-widget_type=\"heading.default\">\n\t\t\t\t<div class=\"elementor-widget-container\">\n\t\t\t\t\t<h2 class=\"elementor-heading-title elementor-size-default\">Haben Sie Fragen? Wir haben Antworten.<\/h2>\t\t\t\t<\/div>\n\t\t\t\t<\/div>\n\t\t\t\t<div class=\"elementor-element elementor-element-7fb43038 elementor-widget elementor-widget-text-editor\" data-id=\"7fb43038\" data-element_type=\"widget\" data-e-type=\"widget\" data-widget_type=\"text-editor.default\">\n\t\t\t\t<div class=\"elementor-widget-container\">\n\t\t\t\t\t\t\t\t\t<div class=\"block-title\"><div class=\"block-title__description\"><p class=\"info\">Einfache Kommunikation, hervorragende Ergebnisse.<\/p><\/div><\/div>\t\t\t\t\t\t\t\t<\/div>\n\t\t\t\t<\/div>\n\t\t\t\t<div class=\"elementor-element elementor-element-a0b28e wpr-button-icon-style-inline wpr-button-icon-position-right elementor-widget elementor-widget-wpr-button\" data-id=\"a0b28e\" data-element_type=\"widget\" data-e-type=\"widget\" data-widget_type=\"wpr-button.default\">\n\t\t\t\t<div class=\"elementor-widget-container\">\n\t\t\t\t\t\t\n\t\t\t\n\t\t\n\t\t<div class=\"wpr-button-wrap elementor-clearfix\">\n\t\t<a class=\"wpr-button wpr-button-effect wpr-button-none\" data-text=\"\" href=\"tel: 49015171558701\">\n\t\t\t\n\t\t\t<span class=\"wpr-button-content\">\n\t\t\t\t\t\t\t\t\t<span class=\"wpr-button-text\">Sun\u0103 acum!\u200b<\/span>\n\t\t\t\t\t\t\t\t\n\t\t\t\t\t\t\t<\/span>\n\t\t<\/a>\n\n\t\t\t\t<\/div>\n\t\n\t\n\t\t\t\t\t<\/div>\n\t\t\t\t<\/div>\n\t\t\t\t\t<\/div>\n\t\t<\/div>\n\t\t\t\t\t<\/div>\n\t\t<\/section>\n\t\t\t\t<\/div>","protected":false},"excerpt":{"rendered":"<p>Renovari F\u0102-\u021aI VIA\u021aA MAI U\u0219oar\u0103! Servicii de Renovare Profesionale Planifica\u021bi o renovare sau modernizare? Suntem alegerea potrivit\u0103! Vizitele, consulta\u021biile \u0219i estim\u0103rile sunt gratuite pentru tine! Calitatea nu trebuie s\u0103 fie costisitoare. V\u0103 vom surprinde cu pre\u021burile noastre corecte. Serviciile noastre includ: Lucr\u0103ri de gips-carton Pardoseli (parchet, laminat, vinil, etc.) Renovare complet\u0103 Pozare gresie \u0219i lucr\u0103ri de mozaic Parchet laminat Tavane suspendate din gips-carton Lucr\u0103ri de tapet \u0219i demontare tapet Instalarea ferestrelor \u0219i u\u0219ilor Umplerea f\u0103r\u0103 probleme a pere\u021bilor, inclusiv \u021bes\u0103tur\u0103 de sticl\u0103 Lucr\u0103ri de vopsire \u0219i l\u0103cuire Renovare complet\u0103 a b\u0103ii, inclusiv du\u0219uri cu nivelare a podelei Slefuire \u0219i etan\u0219are parchet din lemn Slefuire \u0219i revopsire pentru toate tipurile de lemn Lucr\u0103ri de fa\u021bad\u0103 Izolarea funda\u021biilor A\u0219tept\u0103m cu ner\u0103bdare s\u0103 lu\u0103m leg\u0103tura cu dvs. Lucrarea noastr\u0103 este precis\u0103, serioas\u0103 \u0219i de \u00eencredere! Accept\u0103m comenzi \u00een Treuchtlingen \u0219i \u00een zonele din jur pe o raz\u0103 de +100 km. Ne pute\u021bi contacta pentru sfaturi gratuite la fa\u021ba locului sau pute\u021bi trimite cererea dvs. cu poze prin WhatsApp! Ai \u00eentreb\u0103ri? Noi avem r\u0103spunsuri. Comunicare simpl\u0103, rezultate excelente. Sun\u0103 acum!\u200b<\/p>","protected":false},"author":1,"featured_media":0,"parent":0,"menu_order":0,"comment_status":"closed","ping_status":"closed","template":"elementor_header_footer","meta":{"_joinchat":[],"footnotes":""},"class_list":["post-223","page","type-page","status-publish","hentry"],"_links":{"self":[{"href":"https:\/\/vio-services.de\/de\/wp-json\/wp\/v2\/pages\/223","targetHints":{"allow":["GET"]}}],"collection":[{"href":"https:\/\/vio-services.de\/de\/wp-json\/wp\/v2\/pages"}],"about":[{"href":"https:\/\/vio-services.de\/de\/wp-json\/wp\/v2\/types\/page"}],"author":[{"embeddable":true,"href":"https:\/\/vio-services.de\/de\/wp-json\/wp\/v2\/users\/1"}],"replies":[{"embeddable":true,"href":"https:\/\/vio-services.de\/de\/wp-json\/wp\/v2\/comments?post=223"}],"version-history":[{"count":7,"href":"https:\/\/vio-services.de\/de\/wp-json\/wp\/v2\/pages\/223\/revisions"}],"predecessor-version":[{"id":531,"href":"https:\/\/vio-services.de\/de\/wp-json\/wp\/v2\/pages\/223\/revisions\/531"}],"wp:attachment":[{"href":"https:\/\/vio-services.de\/de\/wp-json\/wp\/v2\/media?parent=223"}],"curies":[{"name":"wp","href":"https:\/\/api.w.org\/{rel}","templated":true}]}}