{"id":221,"date":"2023-09-12T09:17:03","date_gmt":"2023-09-12T09:17:03","guid":{"rendered":"https:\/\/vio-services.de\/?page_id=221"},"modified":"2023-09-14T17:30:58","modified_gmt":"2023-09-14T17:30:58","slug":"mutari","status":"publish","type":"page","link":"https:\/\/vio-services.de\/de\/mutari\/","title":{"rendered":"Objekte verschieben"},"content":{"rendered":"<div data-elementor-type=\"wp-page\" data-elementor-id=\"221\" class=\"elementor elementor-221\">\n\t\t\t\t\t\t<section class=\"elementor-section elementor-top-section elementor-element elementor-element-43aa8b59 elementor-section-boxed elementor-section-height-default elementor-section-height-default wpr-particle-no wpr-jarallax-no wpr-parallax-no wpr-sticky-section-no\" data-id=\"43aa8b59\" data-element_type=\"section\" data-e-type=\"section\">\n\t\t\t\t\t\t<div class=\"elementor-container elementor-column-gap-wide\">\n\t\t\t\t\t<div class=\"elementor-column elementor-col-50 elementor-top-column elementor-element elementor-element-2d605d98\" data-id=\"2d605d98\" data-element_type=\"column\" data-e-type=\"column\">\n\t\t\t<div class=\"elementor-widget-wrap elementor-element-populated\">\n\t\t\t\t\t\t<section class=\"elementor-section elementor-inner-section elementor-element elementor-element-20063988 elementor-section-boxed elementor-section-height-default elementor-section-height-default wpr-particle-no wpr-jarallax-no wpr-parallax-no wpr-sticky-section-no\" data-id=\"20063988\" data-element_type=\"section\" data-e-type=\"section\">\n\t\t\t\t\t\t<div class=\"elementor-container elementor-column-gap-default\">\n\t\t\t\t\t<div class=\"elementor-column elementor-col-50 elementor-inner-column elementor-element elementor-element-2263cba6\" data-id=\"2263cba6\" data-element_type=\"column\" data-e-type=\"column\">\n\t\t\t<div class=\"elementor-widget-wrap elementor-element-populated\">\n\t\t\t\t\t\t<div class=\"elementor-element elementor-element-62d0b277 elementor-widget-divider--view-line elementor-widget elementor-widget-divider\" data-id=\"62d0b277\" data-element_type=\"widget\" data-e-type=\"widget\" data-widget_type=\"divider.default\">\n\t\t\t\t<div class=\"elementor-widget-container\">\n\t\t\t\t\t\t\t<div class=\"elementor-divider\">\n\t\t\t<span class=\"elementor-divider-separator\">\n\t\t\t\t\t\t<\/span>\n\t\t<\/div>\n\t\t\t\t\t\t<\/div>\n\t\t\t\t<\/div>\n\t\t\t\t\t<\/div>\n\t\t<\/div>\n\t\t\t\t<div class=\"elementor-column elementor-col-50 elementor-inner-column elementor-element elementor-element-4ab8e5b4\" data-id=\"4ab8e5b4\" data-element_type=\"column\" data-e-type=\"column\">\n\t\t\t<div class=\"elementor-widget-wrap elementor-element-populated\">\n\t\t\t\t\t\t<div class=\"elementor-element elementor-element-6fbbafa0 elementor-widget elementor-widget-heading\" data-id=\"6fbbafa0\" data-element_type=\"widget\" data-e-type=\"widget\" data-widget_type=\"heading.default\">\n\t\t\t\t<div class=\"elementor-widget-container\">\n\t\t\t\t\t<h2 class=\"elementor-heading-title elementor-size-default\">MUTARI<\/h2>\t\t\t\t<\/div>\n\t\t\t\t<\/div>\n\t\t\t\t\t<\/div>\n\t\t<\/div>\n\t\t\t\t\t<\/div>\n\t\t<\/section>\n\t\t\t\t<div class=\"elementor-element elementor-element-69c4e6b8 elementor-widget elementor-widget-heading\" data-id=\"69c4e6b8\" data-element_type=\"widget\" data-e-type=\"widget\" data-widget_type=\"heading.default\">\n\t\t\t\t<div class=\"elementor-widget-container\">\n\t\t\t\t\t<h2 class=\"elementor-heading-title elementor-size-default\">Machen Sie Ihr Leben einfacher!<\/h2>\t\t\t\t<\/div>\n\t\t\t\t<\/div>\n\t\t\t\t<div class=\"elementor-element elementor-element-34aefe9f elementor-widget elementor-widget-text-editor\" data-id=\"34aefe9f\" data-element_type=\"widget\" data-e-type=\"widget\" data-widget_type=\"text-editor.default\">\n\t\t\t\t<div class=\"elementor-widget-container\">\n\t\t\t\t\t\t\t\t\t<p><strong>Servicii de Mutare Profesionale<\/strong><\/p><p>Suntem furnizorul de servicii de \u00eencredere pe care v\u0103 pute\u021bi baza \u00eentotdeauna. V\u0103 oferim urm\u0103toarele servicii \u00een condi\u021bii avantajoase: oferte de pre\u021b fix, f\u0103r\u0103 costuri suplimentare sau ascunse. Testa\u021bi-ne acum!<\/p><p>Elimin\u0103m orice tip de de\u0219euri, indiferent de cantitate sau tip:<\/p><ul><li>Lemn<\/li><li>De\u0219euri voluminoase<\/li><li>Mobilier variat<\/li><li>Vopsele \u0219i lacuri<\/li><li>Anvelope auto<\/li><li>Covoare<\/li><li>PVC<\/li><li>Saltele<\/li><\/ul><p>Oferta noastr\u0103 de servicii acoper\u0103:<\/p><ul><li>De\u0219euri voluminoase de orice tip<\/li><li>Mobilier<\/li><li>De\u0219euri din construc\u021bii<\/li><li>Dezmembrarea \u0219i eliminarea buc\u0103t\u0103riei<\/li><li>De\u0219euri de gr\u0103din\u0103<\/li><li>De\u0219euri electronice (ma\u0219ini de sp\u0103lat, frigidere, aspiratoare, cuptoare cu microunde, etc.)<\/li><li>Gunoi casnic \u0219i de\u0219euri reziduale<\/li><li>Canapele vechi<\/li><li>Lichid\u0103ri menajere \u0219i de apartament<\/li><li>Defri\u0219\u0103ri<\/li><li>Degaj\u0103ri subsol \u0219i mansard\u0103<\/li><\/ul><p>Dezasambl\u0103m \u0219i asambl\u0103m mobilierul pentru tine, f\u0103c\u00e2nd mutarea ta rapid\u0103, curat\u0103 \u0219i u\u0219oar\u0103.<\/p><p>Pentru detalii suplimentare, suntem aici pentru a r\u0103spunde la \u00eentreb\u0103rile tale \u0219i pentru a oferi sfaturi \u0219i oferte personalizate. Contacteaz\u0103-ne prin telefon sau WhatsApp pentru o rezolvare rapid\u0103 \u0219i eficient\u0103 a cerin\u021belor tale.<\/p>\t\t\t\t\t\t\t\t<\/div>\n\t\t\t\t<\/div>\n\t\t\t\t<div class=\"elementor-element elementor-element-44cea96e elementor-hidden-desktop elementor-hidden-tablet elementor-widget elementor-widget-image\" data-id=\"44cea96e\" data-element_type=\"widget\" data-e-type=\"widget\" data-widget_type=\"image.default\">\n\t\t\t\t<div class=\"elementor-widget-container\">\n\t\t\t\t\t\t\t\t\t\t\t\t\t\t\t<img fetchpriority=\"high\" decoding=\"async\" width=\"800\" height=\"534\" src=\"https:\/\/vio-services.de\/wp-content\/uploads\/2023\/09\/kara-eads-L7EwHkq1B2s-unsplash-1024x683.jpg\" class=\"attachment-large size-large wp-image-509\" alt=\"\" srcset=\"https:\/\/vio-services.de\/wp-content\/uploads\/2023\/09\/kara-eads-L7EwHkq1B2s-unsplash-1024x683.jpg 1024w, https:\/\/vio-services.de\/wp-content\/uploads\/2023\/09\/kara-eads-L7EwHkq1B2s-unsplash-300x200.jpg 300w, https:\/\/vio-services.de\/wp-content\/uploads\/2023\/09\/kara-eads-L7EwHkq1B2s-unsplash-768x512.jpg 768w, https:\/\/vio-services.de\/wp-content\/uploads\/2023\/09\/kara-eads-L7EwHkq1B2s-unsplash-1536x1024.jpg 1536w, https:\/\/vio-services.de\/wp-content\/uploads\/2023\/09\/kara-eads-L7EwHkq1B2s-unsplash-2048x1365.jpg 2048w\" sizes=\"(max-width: 800px) 100vw, 800px\" \/>\t\t\t\t\t\t\t\t\t\t\t\t\t\t\t<\/div>\n\t\t\t\t<\/div>\n\t\t\t\t\t<\/div>\n\t\t<\/div>\n\t\t\t\t<div class=\"elementor-column elementor-col-50 elementor-top-column elementor-element elementor-element-769d7a26 elementor-hidden-tablet elementor-hidden-mobile\" data-id=\"769d7a26\" data-element_type=\"column\" data-e-type=\"column\">\n\t\t\t<div class=\"elementor-widget-wrap elementor-element-populated\">\n\t\t\t\t\t\t<div class=\"elementor-element elementor-element-7a3644c4 elementor-widget elementor-widget-image\" data-id=\"7a3644c4\" data-element_type=\"widget\" data-e-type=\"widget\" data-widget_type=\"image.default\">\n\t\t\t\t<div class=\"elementor-widget-container\">\n\t\t\t\t\t\t\t\t\t\t\t\t\t\t\t<img fetchpriority=\"high\" decoding=\"async\" width=\"800\" height=\"534\" src=\"https:\/\/vio-services.de\/wp-content\/uploads\/2023\/09\/kara-eads-L7EwHkq1B2s-unsplash-1024x683.jpg\" class=\"attachment-large size-large wp-image-509\" alt=\"\" srcset=\"https:\/\/vio-services.de\/wp-content\/uploads\/2023\/09\/kara-eads-L7EwHkq1B2s-unsplash-1024x683.jpg 1024w, https:\/\/vio-services.de\/wp-content\/uploads\/2023\/09\/kara-eads-L7EwHkq1B2s-unsplash-300x200.jpg 300w, https:\/\/vio-services.de\/wp-content\/uploads\/2023\/09\/kara-eads-L7EwHkq1B2s-unsplash-768x512.jpg 768w, https:\/\/vio-services.de\/wp-content\/uploads\/2023\/09\/kara-eads-L7EwHkq1B2s-unsplash-1536x1024.jpg 1536w, https:\/\/vio-services.de\/wp-content\/uploads\/2023\/09\/kara-eads-L7EwHkq1B2s-unsplash-2048x1365.jpg 2048w\" sizes=\"(max-width: 800px) 100vw, 800px\" \/>\t\t\t\t\t\t\t\t\t\t\t\t\t\t\t<\/div>\n\t\t\t\t<\/div>\n\t\t\t\t\t<\/div>\n\t\t<\/div>\n\t\t\t\t\t<\/div>\n\t\t<\/section>\n\t\t\t\t<section class=\"elementor-section elementor-top-section elementor-element elementor-element-634d4076 elementor-section-height-min-height elementor-section-boxed elementor-section-height-default elementor-section-items-middle wpr-particle-no wpr-jarallax-no wpr-parallax-no wpr-sticky-section-no elementor-invisible\" data-id=\"634d4076\" data-element_type=\"section\" data-e-type=\"section\" data-settings=\"{&quot;background_background&quot;:&quot;classic&quot;,&quot;animation&quot;:&quot;fadeIn&quot;}\">\n\t\t\t\t\t\t\t<div class=\"elementor-background-overlay\"><\/div>\n\t\t\t\t\t\t\t<div class=\"elementor-container elementor-column-gap-default\">\n\t\t\t\t\t<div class=\"elementor-column elementor-col-100 elementor-top-column elementor-element elementor-element-23c2a533\" data-id=\"23c2a533\" data-element_type=\"column\" data-e-type=\"column\">\n\t\t\t<div class=\"elementor-widget-wrap elementor-element-populated\">\n\t\t\t\t\t\t<div class=\"elementor-element elementor-element-5f9e0e18 elementor-widget elementor-widget-heading\" data-id=\"5f9e0e18\" data-element_type=\"widget\" data-e-type=\"widget\" data-widget_type=\"heading.default\">\n\t\t\t\t<div class=\"elementor-widget-container\">\n\t\t\t\t\t<h2 class=\"elementor-heading-title elementor-size-default\">Haben Sie Fragen? Wir haben Antworten.<\/h2>\t\t\t\t<\/div>\n\t\t\t\t<\/div>\n\t\t\t\t<div class=\"elementor-element elementor-element-4bc6a44f elementor-widget elementor-widget-text-editor\" data-id=\"4bc6a44f\" data-element_type=\"widget\" data-e-type=\"widget\" data-widget_type=\"text-editor.default\">\n\t\t\t\t<div class=\"elementor-widget-container\">\n\t\t\t\t\t\t\t\t\t<div class=\"block-title\"><div class=\"block-title__description\"><p class=\"info\">Einfache Kommunikation, hervorragende Ergebnisse.<\/p><\/div><\/div>\t\t\t\t\t\t\t\t<\/div>\n\t\t\t\t<\/div>\n\t\t\t\t<div class=\"elementor-element elementor-element-60f995b wpr-button-icon-style-inline wpr-button-icon-position-right elementor-widget elementor-widget-wpr-button\" data-id=\"60f995b\" data-element_type=\"widget\" data-e-type=\"widget\" data-widget_type=\"wpr-button.default\">\n\t\t\t\t<div class=\"elementor-widget-container\">\n\t\t\t\t\t\t\n\t\t\t\n\t\t\n\t\t<div class=\"wpr-button-wrap elementor-clearfix\">\n\t\t<a class=\"wpr-button wpr-button-effect wpr-button-none\" data-text=\"\" href=\"tel: 49015171558701\">\n\t\t\t\n\t\t\t<span class=\"wpr-button-content\">\n\t\t\t\t\t\t\t\t\t<span class=\"wpr-button-text\">Sun\u0103 acum!\u200b<\/span>\n\t\t\t\t\t\t\t\t\n\t\t\t\t\t\t\t<\/span>\n\t\t<\/a>\n\n\t\t\t\t<\/div>\n\t\n\t\n\t\t\t\t\t<\/div>\n\t\t\t\t<\/div>\n\t\t\t\t\t<\/div>\n\t\t<\/div>\n\t\t\t\t\t<\/div>\n\t\t<\/section>\n\t\t\t\t<\/div>","protected":false},"excerpt":{"rendered":"<p>MUTARI F\u0102-\u021aI VIA\u021aA MAI U\u0219oar\u0103! Servicii de Mutare Profesionale Suntem furnizorul de servicii de \u00eencredere pe care v\u0103 pute\u021bi baza \u00eentotdeauna. V\u0103 oferim urm\u0103toarele servicii \u00een condi\u021bii avantajoase: oferte de pre\u021b fix, f\u0103r\u0103 costuri suplimentare sau ascunse. Testa\u021bi-ne acum! Elimin\u0103m orice tip de de\u0219euri, indiferent de cantitate sau tip: Lemn De\u0219euri voluminoase Mobilier variat Vopsele \u0219i lacuri Anvelope auto Covoare PVC Saltele Oferta noastr\u0103 de servicii acoper\u0103: De\u0219euri voluminoase de orice tip Mobilier De\u0219euri din construc\u021bii Dezmembrarea \u0219i eliminarea buc\u0103t\u0103riei De\u0219euri de gr\u0103din\u0103 De\u0219euri electronice (ma\u0219ini de sp\u0103lat, frigidere, aspiratoare, cuptoare cu microunde, etc.) Gunoi casnic \u0219i de\u0219euri reziduale Canapele vechi Lichid\u0103ri menajere \u0219i de apartament Defri\u0219\u0103ri Degaj\u0103ri subsol \u0219i mansard\u0103 Dezasambl\u0103m \u0219i asambl\u0103m mobilierul pentru tine, f\u0103c\u00e2nd mutarea ta rapid\u0103, curat\u0103 \u0219i u\u0219oar\u0103. Pentru detalii suplimentare, suntem aici pentru a r\u0103spunde la \u00eentreb\u0103rile tale \u0219i pentru a oferi sfaturi \u0219i oferte personalizate. Contacteaz\u0103-ne prin telefon sau WhatsApp pentru o rezolvare rapid\u0103 \u0219i eficient\u0103 a cerin\u021belor tale. Ai \u00eentreb\u0103ri? Noi avem r\u0103spunsuri. Comunicare simpl\u0103, rezultate excelente. Sun\u0103 acum!\u200b<\/p>","protected":false},"author":1,"featured_media":0,"parent":0,"menu_order":0,"comment_status":"closed","ping_status":"closed","template":"elementor_header_footer","meta":{"_joinchat":[],"footnotes":""},"class_list":["post-221","page","type-page","status-publish","hentry"],"_links":{"self":[{"href":"https:\/\/vio-services.de\/de\/wp-json\/wp\/v2\/pages\/221","targetHints":{"allow":["GET"]}}],"collection":[{"href":"https:\/\/vio-services.de\/de\/wp-json\/wp\/v2\/pages"}],"about":[{"href":"https:\/\/vio-services.de\/de\/wp-json\/wp\/v2\/types\/page"}],"author":[{"embeddable":true,"href":"https:\/\/vio-services.de\/de\/wp-json\/wp\/v2\/users\/1"}],"replies":[{"embeddable":true,"href":"https:\/\/vio-services.de\/de\/wp-json\/wp\/v2\/comments?post=221"}],"version-history":[{"count":13,"href":"https:\/\/vio-services.de\/de\/wp-json\/wp\/v2\/pages\/221\/revisions"}],"predecessor-version":[{"id":522,"href":"https:\/\/vio-services.de\/de\/wp-json\/wp\/v2\/pages\/221\/revisions\/522"}],"wp:attachment":[{"href":"https:\/\/vio-services.de\/de\/wp-json\/wp\/v2\/media?parent=221"}],"curies":[{"name":"wp","href":"https:\/\/api.w.org\/{rel}","templated":true}]}}